{"id":3976,"date":"2022-07-26T10:49:38","date_gmt":"2022-07-26T08:49:38","guid":{"rendered":"https:\/\/expo25.umh.es\/home\/"},"modified":"2022-09-22T13:52:35","modified_gmt":"2022-09-22T11:52:35","slug":"home","status":"publish","type":"page","link":"https:\/\/expo25.umh.es\/ca\/","title":{"rendered":"Home"},"content":{"rendered":"<p>[et_pb_section fb_built=&#8221;1&#8243; _builder_version=&#8221;4.16&#8243; background_enable_color=&#8221;off&#8221; background_image=&#8221;https:\/\/expo25.umh.es\/files\/2022\/06\/cabecera1.png&#8221; height=&#8221;172px&#8221; height_tablet=&#8221;&#8221; height_phone=&#8221;&#8221; height_last_edited=&#8221;on|desktop&#8221; custom_padding=&#8221;58px||44px|||&#8221; locked=&#8221;off&#8221; global_colors_info=&#8221;{}&#8221;][et_pb_row make_equal=&#8221;on&#8221; _builder_version=&#8221;4.16&#8243; background_color=&#8221;#000000&#8243; width=&#8221;100%&#8221; max_width=&#8221;2560px&#8221; module_alignment=&#8221;center&#8221; custom_margin=&#8221;||||false|false&#8221; custom_padding=&#8221;0px||0px||false|false&#8221; border_color_all=&#8221;#000000&#8243; global_colors_info=&#8221;{}&#8221;][et_pb_column type=&#8221;4_4&#8243; _builder_version=&#8221;4.16&#8243; global_colors_info=&#8221;{}&#8221;][et_pb_text disabled_on=&#8221;on|on|on&#8221; _builder_version=&#8221;4.17.4&#8243; _module_preset=&#8221;default&#8221; disabled=&#8221;on&#8221; global_colors_info=&#8221;{}&#8221;]<\/p>\n<p>Expo 25 UMH<\/p>\n<p>[\/et_pb_text][et_pb_text admin_label=&#8221;Texto&#8221; _builder_version=&#8221;4.17.4&#8243; text_text_color=&#8221;#ffffff&#8221; text_font_size=&#8221;30px&#8221; header_font=&#8221;Bebas Neue|700|||||||&#8221; header_text_color=&#8221;#ffffff&#8221; header_font_size=&#8221;49px&#8221; background_color=&#8221;rgba(0,0,0,0)&#8221; min_height=&#8221;29px&#8221; custom_padding=&#8221;12px||0px|||&#8221; global_colors_info=&#8221;{}&#8221;]<\/p>\n<h1 style=\"text-align: center\">HIST\u00d2RIA DE LA UMH: CREIXENT JUNTS (1997-2022)<\/h1>\n<p>[\/et_pb_text][\/et_pb_column][\/et_pb_row][\/et_pb_section][et_pb_section fb_built=&#8221;1&#8243; admin_label=&#8221;About&#8221; _builder_version=&#8221;4.16&#8243; background_enable_color=&#8221;off&#8221; background_image=&#8221;https:\/\/expo25.umh.es\/files\/2022\/06\/fondo-25-scaled.jpg&#8221; custom_padding=&#8221;4px|0px|6px|0px||&#8221; global_colors_info=&#8221;{}&#8221;][et_pb_row make_equal=&#8221;on&#8221; _builder_version=&#8221;4.16&#8243; custom_padding=&#8221;|||&#8221; global_colors_info=&#8221;{}&#8221;][et_pb_column type=&#8221;4_4&#8243; _builder_version=&#8221;4.16&#8243; custom_padding=&#8221;|||&#8221; global_colors_info=&#8221;{}&#8221; custom_padding__hover=&#8221;|||&#8221;][\/et_pb_column][\/et_pb_row][\/et_pb_section][et_pb_section fb_built=&#8221;1&#8243; admin_label=&#8221;About&#8221; _builder_version=&#8221;4.16&#8243; background_enable_color=&#8221;off&#8221; background_image=&#8221;https:\/\/expo25.umh.es\/files\/2022\/06\/fondo-25-scaled.jpg&#8221; custom_padding=&#8221;0px|0px|0px|0px||&#8221; global_colors_info=&#8221;{}&#8221;][et_pb_row make_equal=&#8221;on&#8221; _builder_version=&#8221;4.16&#8243; custom_padding=&#8221;||62px|||&#8221; global_colors_info=&#8221;{}&#8221;][et_pb_column type=&#8221;4_4&#8243; _builder_version=&#8221;4.16&#8243; custom_padding=&#8221;|||&#8221; global_colors_info=&#8221;{}&#8221; custom_padding__hover=&#8221;|||&#8221;][\/et_pb_column][\/et_pb_row][\/et_pb_section][et_pb_section fb_built=&#8221;1&#8243; admin_label=&#8221;About&#8221; _builder_version=&#8221;4.16&#8243; background_enable_color=&#8221;off&#8221; background_image=&#8221;https:\/\/expo25.umh.es\/files\/2022\/06\/fondo-25-scaled.jpg&#8221; custom_padding=&#8221;4px|0px|100px|0px||&#8221; global_colors_info=&#8221;{}&#8221;][et_pb_row _builder_version=&#8221;4.17.4&#8243; custom_padding=&#8221;94px|||||&#8221; global_colors_info=&#8221;{}&#8221;][et_pb_column type=&#8221;4_4&#8243; _builder_version=&#8221;4.16&#8243; global_colors_info=&#8221;{}&#8221;][et_pb_button button_url=&#8221;https:\/\/expo25.umh.es\/ca\/universidad\/&#8221; button_text=&#8221;I UNIVERSITAT&#8221; button_alignment=&#8221;left&#8221; _builder_version=&#8221;4.17.4&#8243; custom_button=&#8221;on&#8221; button_text_size=&#8221;25px&#8221; button_text_color=&#8221;#ffffff&#8221; button_bg_image=&#8221;https:\/\/expo25.umh.es\/files\/2022\/06\/naranja-scaled.jpg&#8221; button_border_color=&#8221;#e4532d&#8221; button_border_radius=&#8221;10px&#8221; button_letter_spacing=&#8221;1px&#8221; button_font=&#8221;|600|||||||&#8221; background_layout=&#8221;dark&#8221; custom_margin=&#8221;|150px||150px|false|false&#8221; custom_margin_tablet=&#8221;&#8221; custom_margin_phone=&#8221;|0px||0px|false|false&#8221; custom_margin_last_edited=&#8221;on|phone&#8221; custom_css_main_element=&#8221;width: 100%;&#8221; global_colors_info=&#8221;{}&#8221; button_bg_color__hover_enabled=&#8221;on|hover&#8221; button_bg_color__hover=&#8221;#e4532d  &#8221; button_bg_enable_color__hover=&#8221;on&#8221; button_bg_enable_image__hover=&#8221;off&#8221;][\/et_pb_button][et_pb_button button_url=&#8221;https:\/\/expo25.umh.es\/ca\/estudis\/&#8221; button_text=&#8221;II ESTUDIS&#8221; button_alignment=&#8221;left&#8221; _builder_version=&#8221;4.17.4&#8243; custom_button=&#8221;on&#8221; button_text_size=&#8221;25px&#8221; button_text_color=&#8221;#ffffff&#8221; button_bg_image=&#8221;https:\/\/expo25.umh.es\/files\/2022\/06\/violeta-scaled.jpg&#8221; button_border_color=&#8221;#e4532d&#8221; button_border_radius=&#8221;10px&#8221; button_letter_spacing=&#8221;1px&#8221; button_font=&#8221;|600|||||||&#8221; background_layout=&#8221;dark&#8221; custom_margin=&#8221;|150px||150px|false|false&#8221; custom_margin_tablet=&#8221;&#8221; custom_margin_phone=&#8221;|0px||0px|false|false&#8221; custom_margin_last_edited=&#8221;on|phone&#8221; custom_css_main_element=&#8221;width: 100%;&#8221; global_colors_info=&#8221;{}&#8221; button_bg_color__hover_enabled=&#8221;on|hover&#8221; button_bg_enable_image__hover=&#8221;off&#8221; button_bg_color__hover=&#8221;#7e2e88  &#8221; button_bg_enable_color__hover=&#8221;on&#8221; button_border_color__hover_enabled=&#8221;on|hover&#8221; button_border_color__hover=&#8221;#ffffff&#8221;][\/et_pb_button][et_pb_button button_url=&#8221;https:\/\/expo25.umh.es\/ca\/investigacio\/&#8221; button_text=&#8221;III INVESTIGACI\u00d3&#8221; button_alignment=&#8221;left&#8221; _builder_version=&#8221;4.17.4&#8243; custom_button=&#8221;on&#8221; button_text_size=&#8221;25px&#8221; button_text_color=&#8221;#ffffff&#8221; button_bg_image=&#8221;https:\/\/expo25.umh.es\/files\/2022\/06\/azul-scaled.jpg&#8221; button_border_color=&#8221;#e4532d&#8221; button_border_radius=&#8221;10px&#8221; button_letter_spacing=&#8221;1px&#8221; button_font=&#8221;|600|||||||&#8221; background_layout=&#8221;dark&#8221; custom_margin=&#8221;|150px||150px|false|false&#8221; custom_margin_tablet=&#8221;&#8221; custom_margin_phone=&#8221;|0px||0px|false|false&#8221; custom_margin_last_edited=&#8221;on|phone&#8221; custom_css_main_element=&#8221;width: 100%;&#8221; global_colors_info=&#8221;{}&#8221; button_bg_color__hover_enabled=&#8221;on|desktop&#8221; button_bg_enable_image__hover=&#8221;off&#8221; button_bg_color__hover=&#8221;#001f69  &#8221; button_bg_enable_color__hover=&#8221;on&#8221; button_border_color__hover_enabled=&#8221;on|desktop&#8221; button_border_color__hover=&#8221;#ffffff&#8221;][\/et_pb_button][et_pb_button button_url=&#8221;https:\/\/expo25.umh.es\/ca\/societat\/&#8221; button_text=&#8221;IV SOCIETAT&#8221; button_alignment=&#8221;left&#8221; _builder_version=&#8221;4.17.4&#8243; custom_button=&#8221;on&#8221; button_text_size=&#8221;25px&#8221; button_text_color=&#8221;#ffffff&#8221; button_bg_image=&#8221;https:\/\/expo25.umh.es\/files\/2022\/06\/amarillo-1-scaled.jpg&#8221; button_border_color=&#8221;#e4532d&#8221; button_border_radius=&#8221;10px&#8221; button_letter_spacing=&#8221;1px&#8221; button_font=&#8221;|600|||||||&#8221; background_layout=&#8221;dark&#8221; custom_margin=&#8221;|150px||150px|false|false&#8221; custom_margin_tablet=&#8221;&#8221; custom_margin_phone=&#8221;|0px||0px|false|false&#8221; custom_margin_last_edited=&#8221;on|phone&#8221; custom_css_main_element=&#8221;width: 100%;&#8221; global_colors_info=&#8221;{}&#8221; button_bg_color__hover_enabled=&#8221;on|hover&#8221; button_bg_enable_image__hover=&#8221;off&#8221; button_bg_color__hover=&#8221;#f0981e  &#8221; button_bg_enable_color__hover=&#8221;on&#8221; button_border_color__hover_enabled=&#8221;on|hover&#8221; button_border_color__hover=&#8221;#ffffff&#8221;][\/et_pb_button][\/et_pb_column][\/et_pb_row][\/et_pb_section]<\/p>\n","protected":false},"excerpt":{"rendered":"<p>P\u00e0gina de presentaci\u00f3 de la unitat organitzativa<\/p>\n","protected":false},"author":1,"featured_media":0,"parent":0,"menu_order":0,"comment_status":"closed","ping_status":"open","template":"","meta":{"_et_pb_use_builder":"on","_et_pb_old_content":"","_et_gb_content_width":"","ngg_post_thumbnail":0,"_links_to":"","_links_to_target":""},"yoast_head":"<!-- This site is optimized with the Yoast SEO plugin v17.5 - https:\/\/yoast.com\/wordpress\/plugins\/seo\/ -->\n<title>Expo 25 UMH- Exposici\u00f3n 25 aniversario UMH<\/title>\n<meta name=\"description\" content=\"Es compleixen 25 anys de la posada en marxa de la Universitat Miguel Hern\u00e1ndez d&#039;Elx i aquesta exposici\u00f3 presenta el seu recorregut\" \/>\n<meta name=\"robots\" content=\"index, follow, max-snippet:-1, max-image-preview:large, max-video-preview:-1\" \/>\n<link rel=\"canonical\" href=\"https:\/\/expo25.umh.es\/ca\/\" \/>\n<meta property=\"og:locale\" content=\"ca_ES\" \/>\n<meta property=\"og:type\" content=\"article\" \/>\n<meta property=\"og:title\" content=\"Expo 25 UMH- Exposici\u00f3n 25 aniversario UMH\" \/>\n<meta property=\"og:description\" content=\"Es compleixen 25 anys de la posada en marxa de la Universitat Miguel Hern\u00e1ndez d&#039;Elx i aquesta exposici\u00f3 presenta el seu recorregut\" \/>\n<meta property=\"og:url\" content=\"https:\/\/expo25.umh.es\/ca\/\" \/>\n<meta property=\"og:site_name\" content=\"Exposici\u00f3n 25 aniversario UMH\" \/>\n<meta property=\"article:publisher\" content=\"https:\/\/www.facebook.com\/UniversidadMiguelHernandezElche\" \/>\n<meta property=\"article:modified_time\" content=\"2022-09-22T11:52:35+00:00\" \/>\n<meta name=\"twitter:card\" content=\"summary_large_image\" \/>\n<meta name=\"twitter:site\" content=\"@UniversidadMH\" \/>\n<meta name=\"twitter:label1\" content=\"Temps estimat de lectura\" \/>\n\t<meta name=\"twitter:data1\" content=\"4 minuts\" \/>\n<script type=\"application\/ld+json\" class=\"yoast-schema-graph\">{\"@context\":\"https:\/\/schema.org\",\"@graph\":[{\"@type\":\"Organization\",\"@id\":\"https:\/\/expo25.umh.es\/ca\/#organization\",\"name\":\"Universidad Miguel Hern\\u00e1ndez de Elche\",\"url\":\"https:\/\/expo25.umh.es\/ca\/\",\"sameAs\":[\"https:\/\/www.facebook.com\/UniversidadMiguelHernandezElche\",\"http:\/\/instagram.com\/universidadmh\",\"http:\/\/es.linkedin.com\/edu\/universidad-miguel-hern\\u00e1ndez-de-elche-12237\",\"http:\/\/youtube.umh.es\/\",\"https:\/\/twitter.com\/UniversidadMH\"],\"logo\":{\"@type\":\"ImageObject\",\"@id\":\"https:\/\/expo25.umh.es\/ca\/#logo\",\"inLanguage\":\"ca\",\"url\":\"https:\/\/expo25.umh.es\/files\/2022\/06\/LOGO-GRIS-25-ANIVERSARIO-1A-ARTICULACION.png\",\"contentUrl\":\"https:\/\/expo25.umh.es\/files\/2022\/06\/LOGO-GRIS-25-ANIVERSARIO-1A-ARTICULACION.png\",\"width\":384,\"height\":132,\"caption\":\"Universidad Miguel Hern\\u00e1ndez de Elche\"},\"image\":{\"@id\":\"https:\/\/expo25.umh.es\/ca\/#logo\"}},{\"@type\":\"WebSite\",\"@id\":\"https:\/\/expo25.umh.es\/ca\/#website\",\"url\":\"https:\/\/expo25.umh.es\/ca\/\",\"name\":\"Exposici\\u00f3n 25 aniversario UMH\",\"description\":\"Universidad Miguel Hern\\u00e1ndez de Elche\",\"publisher\":{\"@id\":\"https:\/\/expo25.umh.es\/ca\/#organization\"},\"potentialAction\":[{\"@type\":\"SearchAction\",\"target\":{\"@type\":\"EntryPoint\",\"urlTemplate\":\"https:\/\/expo25.umh.es\/ca\/?s={search_term_string}\"},\"query-input\":\"required name=search_term_string\"}],\"inLanguage\":\"ca\"},{\"@type\":\"WebPage\",\"@id\":\"https:\/\/expo25.umh.es\/ca\/#webpage\",\"url\":\"https:\/\/expo25.umh.es\/ca\/\",\"name\":\"Expo 25 UMH- Exposici\\u00f3n 25 aniversario UMH\",\"isPartOf\":{\"@id\":\"https:\/\/expo25.umh.es\/ca\/#website\"},\"datePublished\":\"2022-07-26T08:49:38+00:00\",\"dateModified\":\"2022-09-22T11:52:35+00:00\",\"description\":\"Es compleixen 25 anys de la posada en marxa de la Universitat Miguel Hern\\u00e1ndez d'Elx i aquesta exposici\\u00f3 presenta el seu recorregut\",\"breadcrumb\":{\"@id\":\"https:\/\/expo25.umh.es\/ca\/#breadcrumb\"},\"inLanguage\":\"ca\",\"potentialAction\":[{\"@type\":\"ReadAction\",\"target\":[\"https:\/\/expo25.umh.es\/ca\/\"]}]},{\"@type\":\"BreadcrumbList\",\"@id\":\"https:\/\/expo25.umh.es\/ca\/#breadcrumb\",\"itemListElement\":[{\"@type\":\"ListItem\",\"position\":1,\"name\":\"Portada\",\"item\":\"https:\/\/expo25.umh.es\/ca\/\"},{\"@type\":\"ListItem\",\"position\":2,\"name\":\"Home\"}]}]}<\/script>\n<!-- \/ Yoast SEO plugin. -->","yoast_head_json":{"title":"Expo 25 UMH- Exposici\u00f3n 25 aniversario UMH","description":"Es compleixen 25 anys de la posada en marxa de la Universitat Miguel Hern\u00e1ndez d'Elx i aquesta exposici\u00f3 presenta el seu recorregut","robots":{"index":"index","follow":"follow","max-snippet":"max-snippet:-1","max-image-preview":"max-image-preview:large","max-video-preview":"max-video-preview:-1"},"canonical":"https:\/\/expo25.umh.es\/ca\/","og_locale":"ca_ES","og_type":"article","og_title":"Expo 25 UMH- Exposici\u00f3n 25 aniversario UMH","og_description":"Es compleixen 25 anys de la posada en marxa de la Universitat Miguel Hern\u00e1ndez d'Elx i aquesta exposici\u00f3 presenta el seu recorregut","og_url":"https:\/\/expo25.umh.es\/ca\/","og_site_name":"Exposici\u00f3n 25 aniversario UMH","article_publisher":"https:\/\/www.facebook.com\/UniversidadMiguelHernandezElche","article_modified_time":"2022-09-22T11:52:35+00:00","twitter_card":"summary_large_image","twitter_site":"@UniversidadMH","twitter_misc":{"Temps estimat de lectura":"4 minuts"},"schema":{"@context":"https:\/\/schema.org","@graph":[{"@type":"Organization","@id":"https:\/\/expo25.umh.es\/ca\/#organization","name":"Universidad Miguel Hern\u00e1ndez de Elche","url":"https:\/\/expo25.umh.es\/ca\/","sameAs":["https:\/\/www.facebook.com\/UniversidadMiguelHernandezElche","http:\/\/instagram.com\/universidadmh","http:\/\/es.linkedin.com\/edu\/universidad-miguel-hern\u00e1ndez-de-elche-12237","http:\/\/youtube.umh.es\/","https:\/\/twitter.com\/UniversidadMH"],"logo":{"@type":"ImageObject","@id":"https:\/\/expo25.umh.es\/ca\/#logo","inLanguage":"ca","url":"https:\/\/expo25.umh.es\/files\/2022\/06\/LOGO-GRIS-25-ANIVERSARIO-1A-ARTICULACION.png","contentUrl":"https:\/\/expo25.umh.es\/files\/2022\/06\/LOGO-GRIS-25-ANIVERSARIO-1A-ARTICULACION.png","width":384,"height":132,"caption":"Universidad Miguel Hern\u00e1ndez de Elche"},"image":{"@id":"https:\/\/expo25.umh.es\/ca\/#logo"}},{"@type":"WebSite","@id":"https:\/\/expo25.umh.es\/ca\/#website","url":"https:\/\/expo25.umh.es\/ca\/","name":"Exposici\u00f3n 25 aniversario UMH","description":"Universidad Miguel Hern\u00e1ndez de Elche","publisher":{"@id":"https:\/\/expo25.umh.es\/ca\/#organization"},"potentialAction":[{"@type":"SearchAction","target":{"@type":"EntryPoint","urlTemplate":"https:\/\/expo25.umh.es\/ca\/?s={search_term_string}"},"query-input":"required name=search_term_string"}],"inLanguage":"ca"},{"@type":"WebPage","@id":"https:\/\/expo25.umh.es\/ca\/#webpage","url":"https:\/\/expo25.umh.es\/ca\/","name":"Expo 25 UMH- Exposici\u00f3n 25 aniversario UMH","isPartOf":{"@id":"https:\/\/expo25.umh.es\/ca\/#website"},"datePublished":"2022-07-26T08:49:38+00:00","dateModified":"2022-09-22T11:52:35+00:00","description":"Es compleixen 25 anys de la posada en marxa de la Universitat Miguel Hern\u00e1ndez d'Elx i aquesta exposici\u00f3 presenta el seu recorregut","breadcrumb":{"@id":"https:\/\/expo25.umh.es\/ca\/#breadcrumb"},"inLanguage":"ca","potentialAction":[{"@type":"ReadAction","target":["https:\/\/expo25.umh.es\/ca\/"]}]},{"@type":"BreadcrumbList","@id":"https:\/\/expo25.umh.es\/ca\/#breadcrumb","itemListElement":[{"@type":"ListItem","position":1,"name":"Portada","item":"https:\/\/expo25.umh.es\/ca\/"},{"@type":"ListItem","position":2,"name":"Home"}]}]}},"_links":{"self":[{"href":"https:\/\/expo25.umh.es\/ca\/wp-json\/wp\/v2\/pages\/3976"}],"collection":[{"href":"https:\/\/expo25.umh.es\/ca\/wp-json\/wp\/v2\/pages"}],"about":[{"href":"https:\/\/expo25.umh.es\/ca\/wp-json\/wp\/v2\/types\/page"}],"author":[{"embeddable":true,"href":"https:\/\/expo25.umh.es\/ca\/wp-json\/wp\/v2\/users\/1"}],"replies":[{"embeddable":true,"href":"https:\/\/expo25.umh.es\/ca\/wp-json\/wp\/v2\/comments?post=3976"}],"version-history":[{"count":0,"href":"https:\/\/expo25.umh.es\/ca\/wp-json\/wp\/v2\/pages\/3976\/revisions"}],"wp:attachment":[{"href":"https:\/\/expo25.umh.es\/ca\/wp-json\/wp\/v2\/media?parent=3976"}],"curies":[{"name":"wp","href":"https:\/\/api.w.org\/{rel}","templated":true}]}}